{"id":3011,"date":"2022-02-16T11:18:57","date_gmt":"2022-02-16T11:18:57","guid":{"rendered":"https:\/\/well-marketing.agency\/index.php\/home\/"},"modified":"2025-02-09T14:44:31","modified_gmt":"2025-02-09T14:44:31","slug":"home","status":"publish","type":"page","link":"https:\/\/well-marketing.agency\/","title":{"rendered":"Home"},"content":{"rendered":"\t\t<div data-elementor-type=\"wp-page\" data-elementor-id=\"3011\" class=\"elementor elementor-3011\">\n\t\t\t\t\t\t<section class=\"elementor-section elementor-top-section elementor-element elementor-element-91b2b95 elementor-section-full_width elementor-reverse-mobile elementor-section-height-default elementor-section-height-default\" data-id=\"91b2b95\" data-element_type=\"section\">\n\t\t\t\t\t\t<div class=\"elementor-container elementor-column-gap-no\">\n\t\t\t\t\t<div class=\"elementor-column elementor-col-100 elementor-top-column elementor-element elementor-element-4f1bea1\" data-id=\"4f1bea1\" data-element_type=\"column\">\n\t\t\t<div class=\"elementor-widget-wrap elementor-element-populated\">\n\t\t\t\t\t\t<section class=\"elementor-section elementor-inner-section elementor-element elementor-element-3301445 elementor-section-full_width elementor-section-height-full elementor-section-content-middle elementor-reverse-mobile elementor-section-height-default\" data-id=\"3301445\" data-element_type=\"section\">\n\t\t\t\t\t\t<div class=\"elementor-container elementor-column-gap-default\">\n\t\t\t\t\t<div class=\"elementor-column elementor-col-50 elementor-inner-column elementor-element elementor-element-3501c02\" data-id=\"3501c02\" data-element_type=\"column\" data-settings=\"{&quot;background_background&quot;:&quot;classic&quot;}\">\n\t\t\t<div class=\"elementor-widget-wrap elementor-element-populated\">\n\t\t\t\t\t\t<div class=\"elementor-element elementor-element-7d2e5cc grve-elementor-align-left elementor-widget elementor-widget-impeka_title\" data-id=\"7d2e5cc\" data-element_type=\"widget\" data-widget_type=\"impeka_title.default\">\n\t\t\t\t<div class=\"elementor-widget-container\">\n\t\t\t\t\t<h1 data-animation=\"appear-down\" data-delay=\"200\" data-duration=\"normal\" class=\"grve-element grve-title grve-appear-animation grve-advanced-animation grve-animated-item grve-h1 grve-mobile-reset-increase-heading grve-increase-heading grve-heading-200\"><span>Propulsez votre marque <\/span><\/h1>\t\t\t\t<\/div>\n\t\t\t\t<\/div>\n\t\t\t\t<div class=\"elementor-element elementor-element-ab7fe46 grve-elementor-align-left elementor-widget elementor-widget-impeka_title\" data-id=\"ab7fe46\" data-element_type=\"widget\" data-widget_type=\"impeka_title.default\">\n\t\t\t\t<div class=\"elementor-widget-container\">\n\t\t\t\t\t<h2 data-animation=\"appear-down\" data-delay=\"400\" data-duration=\"normal\" class=\"grve-element grve-title grve-appear-animation grve-advanced-animation grve-animated-item grve-leader-text\"><span>Des strat\u00e9gies digitales sur mesure pour faire d\u00e9coller votre marque<br><\/span><\/h2>\t\t\t\t<\/div>\n\t\t\t\t<\/div>\n\t\t\t\t<div class=\"elementor-element elementor-element-25b5cc3 grve-elementor-align-left elementor-widget elementor-widget-impeka_button\" data-id=\"25b5cc3\" data-element_type=\"widget\" data-widget_type=\"impeka_button.default\">\n\t\t\t\t<div class=\"elementor-widget-container\">\n\t\t\t\t\t<div data-animation=\"fade-in\" data-delay=\"700\" data-duration=\"normal\" class=\"grve-element grve-animated-item\"><a href=\"https:\/\/well-marketing.agency\/index.php\/services\/\" class=\"grve-btn grve-square grve-bg-black grve-border-black grve-bg-hover-primary-1 grve-border-hover-primary-1 grve-text-white grve-text-hover-white grve-btn-large\">\r\n\t\t<span>Nos Services<\/span>\r\n\t\t\t\t\t\t\t<\/a><\/div>\t\t\t\t<\/div>\n\t\t\t\t<\/div>\n\t\t\t\t\t<\/div>\n\t\t<\/div>\n\t\t\t\t<div class=\"elementor-column elementor-col-50 elementor-inner-column elementor-element elementor-element-5ce930b\" data-id=\"5ce930b\" data-element_type=\"column\" data-settings=\"{&quot;background_background&quot;:&quot;classic&quot;}\">\n\t\t\t<div class=\"elementor-widget-wrap elementor-element-populated\">\n\t\t\t\t\t\t<div class=\"elementor-element elementor-element-7c407c2 elementor-widget elementor-widget-impeka_empty_space\" data-id=\"7c407c2\" data-element_type=\"widget\" data-widget_type=\"impeka_empty_space.default\">\n\t\t\t\t<div class=\"elementor-widget-container\">\n\t\t\t\t\t<div style=\"height: 200px;\" class=\"grve-empty-space\"><\/div>\t\t\t\t<\/div>\n\t\t\t\t<\/div>\n\t\t\t\t\t<\/div>\n\t\t<\/div>\n\t\t\t\t\t<\/div>\n\t\t<\/section>\n\t\t\t\t\t<\/div>\n\t\t<\/div>\n\t\t\t\t\t<\/div>\n\t\t<\/section>\n\t\t\t\t<section class=\"elementor-section elementor-top-section elementor-element elementor-element-04a32f3 elementor-section-boxed elementor-section-height-default elementor-section-height-default\" data-id=\"04a32f3\" data-element_type=\"section\" id=\"first-section\" data-settings=\"{&quot;background_background&quot;:&quot;classic&quot;}\">\n\t\t\t\t\t\t<div class=\"elementor-container elementor-column-gap-default\">\n\t\t\t\t\t<div class=\"elementor-column elementor-col-100 elementor-top-column elementor-element elementor-element-75bc08f\" data-id=\"75bc08f\" data-element_type=\"column\">\n\t\t\t<div class=\"elementor-widget-wrap elementor-element-populated\">\n\t\t\t\t\t\t<div class=\"elementor-element elementor-element-115b90c grve-elementor-align-center elementor-widget elementor-widget-impeka_title\" data-id=\"115b90c\" data-element_type=\"widget\" data-widget_type=\"impeka_title.default\">\n\t\t\t\t<div class=\"elementor-widget-container\">\n\t\t\t\t\t<h2 data-animation=\"appear-down\" data-delay=\"300\" data-duration=\"normal\" class=\"grve-element grve-title grve-appear-animation grve-advanced-animation grve-animated-item grve-h1 grve-text-white\" style=\"margin-bottom: 60px;\"><span>Boostez votre pr\u00e9sence en ligne avec des solutions innovantes. <\/span><\/h2>\t\t\t\t<\/div>\n\t\t\t\t<\/div>\n\t\t\t\t<div class=\"elementor-element elementor-element-0f29b1c grve-elementor-align-center elementor-widget elementor-widget-impeka_social_links\" data-id=\"0f29b1c\" data-element_type=\"widget\" data-widget_type=\"impeka_social_links.default\">\n\t\t\t\t<div class=\"elementor-widget-container\">\n\t\t\t\t\t\t<div data-animation=\"fade-in\" data-delay=\"500\" data-duration=\"normal\" id=\"social-links-0f29b1c\" class=\"grve-element grve-social grve-list-type grve-space-35 grve-horizontal grve-text- grve-animated-item\">\r\n\t\t<ul>\r\n\t\t\t\t\t\t\t\t<li>\r\n\t\t\t\t\t\t\t<a href=\"https:\/\/www.facebook.com\/profile.php?id=100065314687922\" class=\"grve-leader-text\" target=\"_blank\" rel=\"noopener noreferrer\">\r\n\t\t\t\t\t\t\t\t<span>Facebook<\/span>\r\n\t\t\t\t\t\t\t<\/a>\r\n\t\t\t\t\t\t<\/li>\r\n\t\t\t\t\t\t\t\t<li>\r\n\t\t\t\t\t\t\t<a href=\"#\" class=\"grve-leader-text\" target=\"_blank\" rel=\"noopener noreferrer\">\r\n\t\t\t\t\t\t\t\t<span>Instagram<\/span>\r\n\t\t\t\t\t\t\t<\/a>\r\n\t\t\t\t\t\t<\/li>\r\n\t\t\t\t<\/ul>\r\n\t<\/div>\r\n\t\t\t\t<\/div>\n\t\t\t\t<\/div>\n\t\t\t\t\t<\/div>\n\t\t<\/div>\n\t\t\t\t\t<\/div>\n\t\t<\/section>\n\t\t\t\t<section class=\"elementor-section elementor-top-section elementor-element elementor-element-b4bc20b elementor-section-full_width elementor-section-stretched elementor-section-height-default elementor-section-height-default\" data-id=\"b4bc20b\" data-element_type=\"section\" data-settings=\"{&quot;stretch_section&quot;:&quot;section-stretched&quot;}\">\n\t\t\t\t\t\t<div class=\"elementor-container elementor-column-gap-no\">\n\t\t\t\t\t<div class=\"elementor-column elementor-col-50 elementor-top-column elementor-element elementor-element-6efcd1d\" data-id=\"6efcd1d\" data-element_type=\"column\" data-settings=\"{&quot;background_background&quot;:&quot;classic&quot;}\">\n\t\t\t<div class=\"elementor-widget-wrap elementor-element-populated\">\n\t\t\t\t\t\t<div class=\"elementor-element elementor-element-8465f75 elementor-widget elementor-widget-spacer\" data-id=\"8465f75\" data-element_type=\"widget\" data-widget_type=\"spacer.default\">\n\t\t\t\t<div class=\"elementor-widget-container\">\n\t\t\t\t\t\t\t<div class=\"elementor-spacer\">\n\t\t\t<div class=\"elementor-spacer-inner\"><\/div>\n\t\t<\/div>\n\t\t\t\t\t\t<\/div>\n\t\t\t\t<\/div>\n\t\t\t\t\t<\/div>\n\t\t<\/div>\n\t\t\t\t<div class=\"elementor-column elementor-col-50 elementor-top-column elementor-element elementor-element-bc659ac\" data-id=\"bc659ac\" data-element_type=\"column\">\n\t\t\t<div class=\"elementor-widget-wrap elementor-element-populated\">\n\t\t\t\t\t\t<div class=\"elementor-element elementor-element-f90f719 grve-elementor-align-left elementor-widget elementor-widget-impeka_title\" data-id=\"f90f719\" data-element_type=\"widget\" data-widget_type=\"impeka_title.default\">\n\t\t\t\t<div class=\"elementor-widget-container\">\n\t\t\t\t\t<h3 data-animation=\"fade-in-up\" data-delay=\"200\" data-duration=\"normal\" class=\"grve-element grve-title grve-animated-item grve-h3\"><span>Cr\u00e9ativit\u00e9 &amp; Innovation<br><\/span><\/h3>\t\t\t\t<\/div>\n\t\t\t\t<\/div>\n\t\t\t\t<div class=\"elementor-element elementor-element-5c64730 elementor-invisible elementor-widget elementor-widget-text-editor\" data-id=\"5c64730\" data-element_type=\"widget\" data-settings=\"{&quot;_animation&quot;:&quot;fadeInUp&quot;,&quot;_animation_delay&quot;:400}\" data-widget_type=\"text-editor.default\">\n\t\t\t\t<div class=\"elementor-widget-container\">\n\t\t\t\t\t\t\t\t\t<p>Chez <strong>WELL AGENCY<\/strong>, nous repoussons les limites pour cr\u00e9er des strat\u00e9gies uniques et percutantes. Identit\u00e9 visuelle forte, contenus engageants et technologies innovantes : tout est pens\u00e9 pour vous d\u00e9marquer et maximiser votre impact.<\/p>\t\t\t\t\t\t\t\t<\/div>\n\t\t\t\t<\/div>\n\t\t\t\t\t<\/div>\n\t\t<\/div>\n\t\t\t\t\t<\/div>\n\t\t<\/section>\n\t\t\t\t<section class=\"elementor-section elementor-top-section elementor-element elementor-element-4d943bd elementor-section-full_width elementor-section-stretched elementor-reverse-mobile elementor-section-height-default elementor-section-height-default\" data-id=\"4d943bd\" data-element_type=\"section\" data-settings=\"{&quot;stretch_section&quot;:&quot;section-stretched&quot;}\">\n\t\t\t\t\t\t<div class=\"elementor-container elementor-column-gap-no\">\n\t\t\t\t\t<div class=\"elementor-column elementor-col-50 elementor-top-column elementor-element elementor-element-f5dae19\" data-id=\"f5dae19\" data-element_type=\"column\" data-settings=\"{&quot;background_background&quot;:&quot;classic&quot;}\">\n\t\t\t<div class=\"elementor-widget-wrap elementor-element-populated\">\n\t\t\t\t\t\t<div class=\"elementor-element elementor-element-ed59fc9 grve-elementor-align-left elementor-widget elementor-widget-impeka_title\" data-id=\"ed59fc9\" data-element_type=\"widget\" data-widget_type=\"impeka_title.default\">\n\t\t\t\t<div class=\"elementor-widget-container\">\n\t\t\t\t\t<h3 data-animation=\"fade-in-up\" data-delay=\"200\" data-duration=\"normal\" class=\"grve-element grve-title grve-animated-item grve-h3\"><span>Technologies Innovantes<br><\/span><\/h3>\t\t\t\t<\/div>\n\t\t\t\t<\/div>\n\t\t\t\t<div class=\"elementor-element elementor-element-4da098a elementor-invisible elementor-widget elementor-widget-text-editor\" data-id=\"4da098a\" data-element_type=\"widget\" data-settings=\"{&quot;_animation&quot;:&quot;fadeInUp&quot;,&quot;_animation_delay&quot;:400}\" data-widget_type=\"text-editor.default\">\n\t\t\t\t<div class=\"elementor-widget-container\">\n\t\t\t\t\t\t\t\t\t<p>Les derni\u00e8res technologies au service de votre succ\u00e8s. Outils avanc\u00e9s, automatisation et analyses de donn\u00e9es : tout est con\u00e7u pour maximiser vos performances et vous donner une longueur d\u2019avance.<\/p>\t\t\t\t\t\t\t\t<\/div>\n\t\t\t\t<\/div>\n\t\t\t\t\t<\/div>\n\t\t<\/div>\n\t\t\t\t<div class=\"elementor-column elementor-col-50 elementor-top-column elementor-element elementor-element-6ad0580\" data-id=\"6ad0580\" data-element_type=\"column\" data-settings=\"{&quot;background_background&quot;:&quot;classic&quot;}\">\n\t\t\t<div class=\"elementor-widget-wrap elementor-element-populated\">\n\t\t\t\t\t\t<div class=\"elementor-element elementor-element-579d1ce elementor-widget elementor-widget-spacer\" data-id=\"579d1ce\" data-element_type=\"widget\" data-widget_type=\"spacer.default\">\n\t\t\t\t<div class=\"elementor-widget-container\">\n\t\t\t\t\t\t\t<div class=\"elementor-spacer\">\n\t\t\t<div class=\"elementor-spacer-inner\"><\/div>\n\t\t<\/div>\n\t\t\t\t\t\t<\/div>\n\t\t\t\t<\/div>\n\t\t\t\t\t<\/div>\n\t\t<\/div>\n\t\t\t\t\t<\/div>\n\t\t<\/section>\n\t\t\t\t<section class=\"elementor-section elementor-top-section elementor-element elementor-element-b6991ca elementor-section-boxed elementor-section-height-default elementor-section-height-default\" data-id=\"b6991ca\" data-element_type=\"section\">\n\t\t\t\t\t\t<div class=\"elementor-container elementor-column-gap-no\">\n\t\t\t\t\t<div class=\"elementor-column elementor-col-100 elementor-top-column elementor-element elementor-element-6a6af0a\" data-id=\"6a6af0a\" data-element_type=\"column\">\n\t\t\t<div class=\"elementor-widget-wrap elementor-element-populated\">\n\t\t\t\t\t\t<section class=\"elementor-section elementor-inner-section elementor-element elementor-element-1fa05af elementor-section-boxed elementor-section-height-default elementor-section-height-default\" data-id=\"1fa05af\" data-element_type=\"section\">\n\t\t\t\t\t\t<div class=\"elementor-container elementor-column-gap-custom\">\n\t\t\t\t\t<div class=\"elementor-column elementor-col-33 elementor-inner-column elementor-element elementor-element-c80625b\" data-id=\"c80625b\" data-element_type=\"column\">\n\t\t\t<div class=\"elementor-widget-wrap elementor-element-populated\">\n\t\t\t\t\t\t<div class=\"elementor-element elementor-element-0604171 grve-elementor-align-left elementor-widget elementor-widget-impeka_icon_box\" data-id=\"0604171\" data-element_type=\"widget\" data-widget_type=\"impeka_icon_box.default\">\n\t\t\t\t<div class=\"elementor-widget-container\">\n\t\t\t\t\t<div data-animation=\"fade-in\" data-delay=\"200\" data-duration=\"normal\" class=\"grve-element grve-box-icon grve-medium grve-top-icon grve-animated-item\"><div class=\"grve-wrapper-icon\" style=\"\"><i aria-hidden=\"true\" class=\"grve-box-icon grve-text-black eticon- et-icon-genius\"><\/i><\/div><div class=\"grve-box-content\"><h3 class=\"grve-box-title grve-h6\">Strat\u00e9gie de marketing <\/h3><p class=\"\">Nous exploitons les derni\u00e8res strat\u00e9gies de marketing digital pour \u00e9largir votre audience et obtenir des r\u00e9sultats concrets.<\/p><\/div><\/div>\t\t\t\t<\/div>\n\t\t\t\t<\/div>\n\t\t\t\t\t<\/div>\n\t\t<\/div>\n\t\t\t\t<div class=\"elementor-column elementor-col-33 elementor-inner-column elementor-element elementor-element-407fc53\" data-id=\"407fc53\" data-element_type=\"column\">\n\t\t\t<div class=\"elementor-widget-wrap elementor-element-populated\">\n\t\t\t\t\t\t<div class=\"elementor-element elementor-element-37c62b8 grve-elementor-align-left elementor-widget elementor-widget-impeka_icon_box\" data-id=\"37c62b8\" data-element_type=\"widget\" data-widget_type=\"impeka_icon_box.default\">\n\t\t\t\t<div class=\"elementor-widget-container\">\n\t\t\t\t\t<div data-animation=\"fade-in\" data-delay=\"300\" data-duration=\"normal\" class=\"grve-element grve-box-icon grve-medium grve-top-icon grve-animated-item\"><div class=\"grve-wrapper-icon\" style=\"\"><i aria-hidden=\"true\" class=\"grve-box-icon grve-text-black eticon- et-icon-speedometer\"><\/i><\/div><div class=\"grve-box-content\"><h3 class=\"grve-box-title grve-h6\">R\u00e9seaux\u2029Sociaux<\/h3><p class=\"\">Nous cr\u00e9ons des strat\u00e9gies sur mesure pour optimiser votre pr\u00e9sence sur les r\u00e9seaux sociaux et engager efficacement votre audience. <\/p><\/div><\/div>\t\t\t\t<\/div>\n\t\t\t\t<\/div>\n\t\t\t\t\t<\/div>\n\t\t<\/div>\n\t\t\t\t<div class=\"elementor-column elementor-col-33 elementor-inner-column elementor-element elementor-element-26a7618\" data-id=\"26a7618\" data-element_type=\"column\">\n\t\t\t<div class=\"elementor-widget-wrap elementor-element-populated\">\n\t\t\t\t\t\t<div class=\"elementor-element elementor-element-6def6f3 grve-elementor-align-left elementor-widget elementor-widget-impeka_icon_box\" data-id=\"6def6f3\" data-element_type=\"widget\" data-widget_type=\"impeka_icon_box.default\">\n\t\t\t\t<div class=\"elementor-widget-container\">\n\t\t\t\t\t<div data-animation=\"fade-in\" data-delay=\"400\" data-duration=\"normal\" class=\"grve-element grve-box-icon grve-medium grve-top-icon grve-animated-item\"><div class=\"grve-wrapper-icon\" style=\"\"><i aria-hidden=\"true\" class=\"grve-box-icon grve-text-black smpicon- smp-icon-pencil\"><\/i><\/div><div class=\"grve-box-content\"><h3 class=\"grve-box-title grve-h6\">D\u00e9veloppement web<\/h3><p class=\"\">Nous fournissons une conception de\u2029site web conviviale et professionnelle\u2029qui aide votre entreprise \u00e0 se\u2029d\u00e9marquer des autres.<\/p><\/div><\/div>\t\t\t\t<\/div>\n\t\t\t\t<\/div>\n\t\t\t\t\t<\/div>\n\t\t<\/div>\n\t\t\t\t\t<\/div>\n\t\t<\/section>\n\t\t\t\t<section class=\"elementor-section elementor-inner-section elementor-element elementor-element-de148a1 elementor-section-boxed elementor-section-height-default elementor-section-height-default\" data-id=\"de148a1\" data-element_type=\"section\">\n\t\t\t\t\t\t<div class=\"elementor-container elementor-column-gap-custom\">\n\t\t\t\t\t<div class=\"elementor-column elementor-col-33 elementor-inner-column elementor-element elementor-element-740e989\" data-id=\"740e989\" data-element_type=\"column\">\n\t\t\t<div class=\"elementor-widget-wrap elementor-element-populated\">\n\t\t\t\t\t\t<div class=\"elementor-element elementor-element-b21a843 grve-elementor-align-left elementor-widget elementor-widget-impeka_icon_box\" data-id=\"b21a843\" data-element_type=\"widget\" data-widget_type=\"impeka_icon_box.default\">\n\t\t\t\t<div class=\"elementor-widget-container\">\n\t\t\t\t\t<div data-animation=\"fade-in\" data-delay=\"500\" data-duration=\"normal\" class=\"grve-element grve-box-icon grve-medium grve-top-icon grve-animated-item\"><div class=\"grve-wrapper-icon\" style=\"\"><i aria-hidden=\"true\" class=\"grve-box-icon grve-text-black eticon- et-icon-adjustments\"><\/i><\/div><div class=\"grve-box-content\"><h3 class=\"grve-box-title grve-h6\">Campagnes\u2029Publicitaires<\/h3><p class=\"\">Nous aidons les entreprises \u00e0 lancer\u2029des campagnes publicitaires efficaces\u2029et rentables pour attirer de nouveaux\u2029clients.\n<\/p><\/div><\/div>\t\t\t\t<\/div>\n\t\t\t\t<\/div>\n\t\t\t\t\t<\/div>\n\t\t<\/div>\n\t\t\t\t<div class=\"elementor-column elementor-col-33 elementor-inner-column elementor-element elementor-element-7c077f7\" data-id=\"7c077f7\" data-element_type=\"column\">\n\t\t\t<div class=\"elementor-widget-wrap elementor-element-populated\">\n\t\t\t\t\t\t<div class=\"elementor-element elementor-element-07f5659 grve-elementor-align-left elementor-widget elementor-widget-impeka_icon_box\" data-id=\"07f5659\" data-element_type=\"widget\" data-widget_type=\"impeka_icon_box.default\">\n\t\t\t\t<div class=\"elementor-widget-container\">\n\t\t\t\t\t<div data-animation=\"fade-in\" data-delay=\"600\" data-duration=\"normal\" class=\"grve-element grve-box-icon grve-medium grve-top-icon grve-animated-item\"><div class=\"grve-wrapper-icon\" style=\"\"><i aria-hidden=\"true\" class=\"grve-box-icon grve-text-black eticon- et-icon-search\"><\/i><\/div><div class=\"grve-box-content\"><h3 class=\"grve-box-title grve-h6\">\u00c9v\u00e9nementiel<\/h3><p class=\"\">Nous organisons des \u00e9v\u00e9nements impactants pour valoriser votre entreprise et renforcer la fid\u00e9lisation de vos clients. <\/p><\/div><\/div>\t\t\t\t<\/div>\n\t\t\t\t<\/div>\n\t\t\t\t\t<\/div>\n\t\t<\/div>\n\t\t\t\t<div class=\"elementor-column elementor-col-33 elementor-inner-column elementor-element elementor-element-d35df55\" data-id=\"d35df55\" data-element_type=\"column\">\n\t\t\t<div class=\"elementor-widget-wrap elementor-element-populated\">\n\t\t\t\t\t\t<div class=\"elementor-element elementor-element-501fc70 grve-elementor-align-left elementor-widget elementor-widget-impeka_icon_box\" data-id=\"501fc70\" data-element_type=\"widget\" data-widget_type=\"impeka_icon_box.default\">\n\t\t\t\t<div class=\"elementor-widget-container\">\n\t\t\t\t\t<div data-animation=\"fade-in\" data-delay=\"700\" data-duration=\"normal\" class=\"grve-element grve-box-icon grve-medium grve-top-icon grve-animated-item\"><div class=\"grve-wrapper-icon\" style=\"\"><i aria-hidden=\"true\" class=\"grve-box-icon grve-text-black eticon- et-icon-circle-compass\"><\/i><\/div><div class=\"grve-box-content\"><h3 class=\"grve-box-title grve-h6\">Formations<\/h3><p class=\"\">Nous offrons des formations sur mesure pour vous permettre d\u2019acqu\u00e9rir les comp\u00e9tences et connaissances essentielles.<\/p><\/div><\/div>\t\t\t\t<\/div>\n\t\t\t\t<\/div>\n\t\t\t\t\t<\/div>\n\t\t<\/div>\n\t\t\t\t\t<\/div>\n\t\t<\/section>\n\t\t\t\t\t<\/div>\n\t\t<\/div>\n\t\t\t\t\t<\/div>\n\t\t<\/section>\n\t\t\t\t<section class=\"elementor-section elementor-top-section elementor-element elementor-element-e829bfa elementor-section-boxed elementor-section-height-default elementor-section-height-default\" data-id=\"e829bfa\" data-element_type=\"section\">\n\t\t\t\t\t\t<div class=\"elementor-container elementor-column-gap-no\">\n\t\t\t\t\t<div class=\"elementor-column elementor-col-100 elementor-top-column elementor-element elementor-element-112bb7f\" data-id=\"112bb7f\" data-element_type=\"column\" data-settings=\"{&quot;background_background&quot;:&quot;classic&quot;}\">\n\t\t\t<div class=\"elementor-widget-wrap elementor-element-populated\">\n\t\t\t\t\t\t<section class=\"elementor-section elementor-inner-section elementor-element elementor-element-76647e2 elementor-section-boxed elementor-section-height-default elementor-section-height-default\" data-id=\"76647e2\" data-element_type=\"section\" data-settings=\"{&quot;background_background&quot;:&quot;classic&quot;}\">\n\t\t\t\t\t\t<div class=\"elementor-container elementor-column-gap-custom\">\n\t\t\t\t\t<div class=\"elementor-column elementor-col-50 elementor-inner-column elementor-element elementor-element-e00e42e\" data-id=\"e00e42e\" data-element_type=\"column\" data-settings=\"{&quot;background_background&quot;:&quot;classic&quot;}\">\n\t\t\t<div class=\"elementor-widget-wrap elementor-element-populated\">\n\t\t\t\t\t\t<div class=\"elementor-element elementor-element-4fc7b12 grve-elementor-align-left elementor-widget elementor-widget-impeka_title\" data-id=\"4fc7b12\" data-element_type=\"widget\" data-widget_type=\"impeka_title.default\">\n\t\t\t\t<div class=\"elementor-widget-container\">\n\t\t\t\t\t<h3 data-animation=\"appear-down\" data-delay=\"200\" data-duration=\"normal\" class=\"grve-element grve-title grve-appear-animation grve-advanced-animation grve-animated-item grve-h3\"><span>En savoir plus sur notre histoire et notre mission<\/span><\/h3>\t\t\t\t<\/div>\n\t\t\t\t<\/div>\n\t\t\t\t\t<\/div>\n\t\t<\/div>\n\t\t\t\t<div class=\"elementor-column elementor-col-50 elementor-inner-column elementor-element elementor-element-7c1ebbd\" data-id=\"7c1ebbd\" data-element_type=\"column\">\n\t\t\t<div class=\"elementor-widget-wrap elementor-element-populated\">\n\t\t\t\t\t\t<div class=\"elementor-element elementor-element-d57481e grve-elementor-align-right grve-elementor-align--mobileleft elementor-widget elementor-widget-impeka_button\" data-id=\"d57481e\" data-element_type=\"widget\" data-widget_type=\"impeka_button.default\">\n\t\t\t\t<div class=\"elementor-widget-container\">\n\t\t\t\t\t<div data-animation=\"fade-in\" data-delay=\"400\" data-duration=\"normal\" class=\"grve-element grve-animated-item\"><a href=\"https:\/\/greatives.eu\/themes\/impeka\/impeka-agency\/contact\/\" class=\"grve-btn grve-btn-outline grve-square grve-border-black grve-bg-hover-black grve-border-hover-black grve-text-black grve-text-hover-white grve-btn-medium\">\r\n\t\t<span>Qui sommes-nous<\/span>\r\n\t\t\t\t\t\t\t<\/a><\/div>\t\t\t\t<\/div>\n\t\t\t\t<\/div>\n\t\t\t\t\t<\/div>\n\t\t<\/div>\n\t\t\t\t\t<\/div>\n\t\t<\/section>\n\t\t\t\t\t<\/div>\n\t\t<\/div>\n\t\t\t\t\t<\/div>\n\t\t<\/section>\n\t\t\t\t<\/div>\n\t\t","protected":false},"excerpt":{"rendered":"<p>Propulsez votre marque Des strat\u00e9gies digitales sur mesure pour faire d\u00e9coller votre marque Nos Services Boostez votre pr\u00e9sence en ligne avec des solutions innovantes. Facebook Instagram Cr\u00e9ativit\u00e9 &amp; Innovation Chez [&hellip;]<\/p>\n","protected":false},"author":1,"featured_media":526,"parent":0,"menu_order":0,"comment_status":"closed","ping_status":"closed","template":"","meta":{"footnotes":""},"class_list":["post-3011","page","type-page","status-publish","has-post-thumbnail","hentry","grve-entry-item"],"_links":{"self":[{"href":"https:\/\/well-marketing.agency\/index.php\/wp-json\/wp\/v2\/pages\/3011","targetHints":{"allow":["GET"]}}],"collection":[{"href":"https:\/\/well-marketing.agency\/index.php\/wp-json\/wp\/v2\/pages"}],"about":[{"href":"https:\/\/well-marketing.agency\/index.php\/wp-json\/wp\/v2\/types\/page"}],"author":[{"embeddable":true,"href":"https:\/\/well-marketing.agency\/index.php\/wp-json\/wp\/v2\/users\/1"}],"replies":[{"embeddable":true,"href":"https:\/\/well-marketing.agency\/index.php\/wp-json\/wp\/v2\/comments?post=3011"}],"version-history":[{"count":33,"href":"https:\/\/well-marketing.agency\/index.php\/wp-json\/wp\/v2\/pages\/3011\/revisions"}],"predecessor-version":[{"id":3144,"href":"https:\/\/well-marketing.agency\/index.php\/wp-json\/wp\/v2\/pages\/3011\/revisions\/3144"}],"wp:featuredmedia":[{"embeddable":true,"href":"https:\/\/well-marketing.agency\/index.php\/wp-json\/wp\/v2\/media\/526"}],"wp:attachment":[{"href":"https:\/\/well-marketing.agency\/index.php\/wp-json\/wp\/v2\/media?parent=3011"}],"curies":[{"name":"wp","href":"https:\/\/api.w.org\/{rel}","templated":true}]}}